{"id":412,"date":"2015-01-19T00:33:37","date_gmt":"2015-01-18T22:33:37","guid":{"rendered":"http:\/\/www.mikaflojt.fi\/?page_id=412"},"modified":"2023-03-27T12:50:47","modified_gmt":"2023-03-27T10:50:47","slug":"videot","status":"publish","type":"page","link":"https:\/\/www.mikaflojt.fi\/blogi\/videot\/","title":{"rendered":"Videot"},"content":{"rendered":"<h3><span class=\"null\">T\u00e4ll\u00e4 sivulla videoita vuosien varrelta my\u00f6s vaaliteemojani koskevista aiheista. <\/span><\/h3>\n<h4><span class=\"null\">Muistathan \u00e4\u00e4nest\u00e4\u00e4! <strong>#pohjoisenpuolesta<\/strong><\/span><\/h4>\n<p><iframe loading=\"lazy\" title=\"Mit\u00e4 j\u00e4i sanomatta, Mika Fl\u00f6jt?\" width=\"500\" height=\"281\" src=\"https:\/\/www.youtube.com\/embed\/U3kEXUxrs78?feature=oembed\" frameborder=\"0\" allow=\"accelerometer; autoplay; clipboard-write; encrypted-media; gyroscope; picture-in-picture; web-share\" referrerpolicy=\"strict-origin-when-cross-origin\" allowfullscreen><\/iframe><\/p>\n<p><iframe loading=\"lazy\" title=\"Mika Fl\u00f6jt&#039;s presentation on environmental changes and marginalized voices\" width=\"500\" height=\"375\" src=\"https:\/\/www.youtube.com\/embed\/mGt0xncKzVY?feature=oembed\" frameborder=\"0\" allow=\"accelerometer; autoplay; clipboard-write; encrypted-media; gyroscope; picture-in-picture; web-share\" referrerpolicy=\"strict-origin-when-cross-origin\" allowfullscreen><\/iframe><\/p>\n<p><iframe loading=\"lazy\" title=\"Mika Fl\u00f6jt ehdolla Vihreiden puheenjohtajaksi\" width=\"500\" height=\"281\" src=\"https:\/\/www.youtube.com\/embed\/WAb9JQrwqQw?feature=oembed\" frameborder=\"0\" allow=\"accelerometer; autoplay; clipboard-write; encrypted-media; gyroscope; picture-in-picture; web-share\" referrerpolicy=\"strict-origin-when-cross-origin\" allowfullscreen><\/iframe><\/p>\n<p><iframe loading=\"lazy\" title=\"Kitkajoen kultakaivoksen j\u00e4tevesi\u00e4 tulisi jokeen kahta kautta\" width=\"500\" height=\"281\" src=\"https:\/\/www.youtube.com\/embed\/ktRZN-unUEA?feature=oembed\" frameborder=\"0\" allow=\"accelerometer; autoplay; clipboard-write; encrypted-media; gyroscope; picture-in-picture; web-share\" referrerpolicy=\"strict-origin-when-cross-origin\" allowfullscreen><\/iframe><\/p>\n<p><iframe loading=\"lazy\" title=\"K\u00e4yl\u00e4n kaivosseminaari 14012012 VALTAUSALUEET - URAANI.mp4\" width=\"500\" height=\"281\" src=\"https:\/\/www.youtube.com\/embed\/v13q2-bnJyA?feature=oembed\" frameborder=\"0\" allow=\"accelerometer; autoplay; clipboard-write; encrypted-media; gyroscope; picture-in-picture; web-share\" referrerpolicy=\"strict-origin-when-cross-origin\" allowfullscreen><\/iframe><\/p>\n<p><iframe loading=\"lazy\" title=\"Fl\u00f6jt kysyy Silvennoinen vastaa\" width=\"500\" height=\"281\" src=\"https:\/\/www.youtube.com\/embed\/ffpkCVeisH4?feature=oembed\" frameborder=\"0\" allow=\"accelerometer; autoplay; clipboard-write; encrypted-media; gyroscope; picture-in-picture; web-share\" referrerpolicy=\"strict-origin-when-cross-origin\" allowfullscreen><\/iframe><\/p>\n<p><iframe loading=\"lazy\" title=\"Kaivosseminaari 22. - 23.2.2013 - Mika Fl\u00f6jt\" width=\"500\" height=\"281\" src=\"https:\/\/www.youtube.com\/embed\/muk3DgPN16o?feature=oembed\" frameborder=\"0\" allow=\"accelerometer; autoplay; clipboard-write; encrypted-media; gyroscope; picture-in-picture; web-share\" referrerpolicy=\"strict-origin-when-cross-origin\" allowfullscreen><\/iframe><\/p>\n<p><iframe loading=\"lazy\" title=\"Kuusamo ja uraanivaltaukset - Mika Fl\u00f6jt\" width=\"500\" height=\"281\" src=\"https:\/\/www.youtube.com\/embed\/pWVP98BO8tg?feature=oembed\" frameborder=\"0\" allow=\"accelerometer; autoplay; clipboard-write; encrypted-media; gyroscope; picture-in-picture; web-share\" referrerpolicy=\"strict-origin-when-cross-origin\" allowfullscreen><\/iframe><\/p>\n<p><iframe loading=\"lazy\" title=\"20130323 Mika Fj\u00f6ltin alustus kaivosten ymp\u00e4rist\u00f6- ja vesist\u00f6vaikutuksista ja j\u00e4teongelmista\" width=\"500\" height=\"281\" src=\"https:\/\/www.youtube.com\/embed\/6gR0nYTyr8E?feature=oembed\" frameborder=\"0\" allow=\"accelerometer; autoplay; clipboard-write; encrypted-media; gyroscope; picture-in-picture; web-share\" referrerpolicy=\"strict-origin-when-cross-origin\" allowfullscreen><\/iframe><\/p>\n<p><iframe loading=\"lazy\" title=\"Kaivosuhka Kuusamon ylla\u0308\" width=\"500\" height=\"281\" src=\"https:\/\/www.youtube.com\/embed\/YiUnFKyBPUk?feature=oembed\" frameborder=\"0\" allow=\"accelerometer; autoplay; clipboard-write; encrypted-media; gyroscope; picture-in-picture; web-share\" referrerpolicy=\"strict-origin-when-cross-origin\" allowfullscreen><\/iframe><\/p>\n<p><iframe loading=\"lazy\" src=\"\/\/www.youtube.com\/embed\/K_HqgY0Ki8A\" width=\"420\" height=\"237\" frameborder=\"0\" allowfullscreen=\"allowfullscreen\"><\/iframe><iframe loading=\"lazy\" title=\"Kaivosseminaari 22. - 23.2.2013 - Lauantain paneelikeskustelu\" src=\"https:\/\/www.youtube.com\/embed\/jgGDi0-waKA?feature=oembed\" width=\"840\" height=\"473\" frameborder=\"0\" allowfullscreen=\"allowfullscreen\"><\/iframe><\/p>\n<p><iframe loading=\"lazy\" title=\"Kaivosseminaari 22. - 23.2.2013 - Lauantain paneelikeskustelu\" width=\"500\" height=\"281\" src=\"https:\/\/www.youtube.com\/embed\/jgGDi0-waKA?feature=oembed\" frameborder=\"0\" allow=\"accelerometer; autoplay; clipboard-write; encrypted-media; gyroscope; picture-in-picture; web-share\" referrerpolicy=\"strict-origin-when-cross-origin\" allowfullscreen><\/iframe><\/p>\n","protected":false},"excerpt":{"rendered":"<p>T\u00e4ll\u00e4 sivulla videoita vuosien varrelta my\u00f6s vaaliteemojani koskevista aiheista. Muistathan \u00e4\u00e4nest\u00e4\u00e4! #pohjoisenpuolesta<\/p>\n","protected":false},"author":2,"featured_media":0,"parent":0,"menu_order":0,"comment_status":"open","ping_status":"open","template":"page-template-blank.php","meta":{"footnotes":""},"class_list":["post-412","page","type-page","status-publish","hentry"],"yoast_head":"<!-- This site is optimized with the Yoast SEO plugin v26.6 - https:\/\/yoast.com\/wordpress\/plugins\/seo\/ -->\n<title>Videot - Eduskuntavaaliehdokas Mika Fl\u00f6jt | Kansanedustajaehdokas Oulun vaalipiiriss\u00e4<\/title>\n<meta name=\"robots\" content=\"index, follow, max-snippet:-1, max-image-preview:large, max-video-preview:-1\" \/>\n<link rel=\"canonical\" href=\"https:\/\/www.mikaflojt.fi\/blogi\/videot\/\" \/>\n<meta property=\"og:locale\" content=\"fi_FI\" \/>\n<meta property=\"og:type\" content=\"article\" \/>\n<meta property=\"og:title\" content=\"Videot - Eduskuntavaaliehdokas Mika Fl\u00f6jt | Kansanedustajaehdokas Oulun vaalipiiriss\u00e4\" \/>\n<meta property=\"og:description\" content=\"T\u00e4ll\u00e4 sivulla videoita vuosien varrelta my\u00f6s vaaliteemojani koskevista aiheista. Muistathan \u00e4\u00e4nest\u00e4\u00e4! #pohjoisenpuolesta\" \/>\n<meta property=\"og:url\" content=\"https:\/\/www.mikaflojt.fi\/blogi\/videot\/\" \/>\n<meta property=\"og:site_name\" content=\"Eduskuntavaaliehdokas Mika Fl\u00f6jt | Kansanedustajaehdokas Oulun vaalipiiriss\u00e4\" \/>\n<meta property=\"article:publisher\" content=\"https:\/\/www.facebook.com\/mika.flojt\" \/>\n<meta property=\"article:modified_time\" content=\"2023-03-27T10:50:47+00:00\" \/>\n<meta name=\"twitter:card\" content=\"summary_large_image\" \/>\n<meta name=\"twitter:site\" content=\"@MikaFlojt\" \/>\n<script type=\"application\/ld+json\" class=\"yoast-schema-graph\">{\"@context\":\"https:\/\/schema.org\",\"@graph\":[{\"@type\":\"WebPage\",\"@id\":\"https:\/\/www.mikaflojt.fi\/blogi\/videot\/\",\"url\":\"https:\/\/www.mikaflojt.fi\/blogi\/videot\/\",\"name\":\"Videot - Eduskuntavaaliehdokas Mika Fl\u00f6jt | Kansanedustajaehdokas Oulun vaalipiiriss\u00e4\",\"isPartOf\":{\"@id\":\"https:\/\/www.mikaflojt.fi\/blogi\/#website\"},\"datePublished\":\"2015-01-18T22:33:37+00:00\",\"dateModified\":\"2023-03-27T10:50:47+00:00\",\"breadcrumb\":{\"@id\":\"https:\/\/www.mikaflojt.fi\/blogi\/videot\/#breadcrumb\"},\"inLanguage\":\"fi\",\"potentialAction\":[{\"@type\":\"ReadAction\",\"target\":[\"https:\/\/www.mikaflojt.fi\/blogi\/videot\/\"]}]},{\"@type\":\"BreadcrumbList\",\"@id\":\"https:\/\/www.mikaflojt.fi\/blogi\/videot\/#breadcrumb\",\"itemListElement\":[{\"@type\":\"ListItem\",\"position\":1,\"name\":\"Etusivu\",\"item\":\"https:\/\/www.mikaflojt.fi\/blogi\/\"},{\"@type\":\"ListItem\",\"position\":2,\"name\":\"Videot\"}]},{\"@type\":\"WebSite\",\"@id\":\"https:\/\/www.mikaflojt.fi\/blogi\/#website\",\"url\":\"https:\/\/www.mikaflojt.fi\/blogi\/\",\"name\":\"Eduskuntavaaliehdokas Mika Fl\u00f6jt | Kansanedustajaehdokas Oulun vaalipiiriss\u00e4\",\"description\":\"#pohjoisenpuolesta Kansanedustajaehdokas Mika Fl\u00f6jt eduskuntaan vuoden 2015 eduskuntavaaleissa\",\"publisher\":{\"@id\":\"https:\/\/www.mikaflojt.fi\/blogi\/#organization\"},\"potentialAction\":[{\"@type\":\"SearchAction\",\"target\":{\"@type\":\"EntryPoint\",\"urlTemplate\":\"https:\/\/www.mikaflojt.fi\/blogi\/?s={search_term_string}\"},\"query-input\":{\"@type\":\"PropertyValueSpecification\",\"valueRequired\":true,\"valueName\":\"search_term_string\"}}],\"inLanguage\":\"fi\"},{\"@type\":\"Organization\",\"@id\":\"https:\/\/www.mikaflojt.fi\/blogi\/#organization\",\"name\":\"Eduskuntavaaliehdokas Mika Fl\u00f6jt | Kansanedustajaehdokas Oulun vaalipiiriss\u00e4\",\"url\":\"https:\/\/www.mikaflojt.fi\/blogi\/\",\"logo\":{\"@type\":\"ImageObject\",\"inLanguage\":\"fi\",\"@id\":\"https:\/\/www.mikaflojt.fi\/blogi\/#\/schema\/logo\/image\/\",\"url\":\"https:\/\/www.mikaflojt.fi\/blogi\/wp-content\/uploads\/2023\/03\/mikamaapallo.jpg\",\"contentUrl\":\"https:\/\/www.mikaflojt.fi\/blogi\/wp-content\/uploads\/2023\/03\/mikamaapallo.jpg\",\"width\":1420,\"height\":1344,\"caption\":\"Eduskuntavaaliehdokas Mika Fl\u00f6jt | Kansanedustajaehdokas Oulun vaalipiiriss\u00e4\"},\"image\":{\"@id\":\"https:\/\/www.mikaflojt.fi\/blogi\/#\/schema\/logo\/image\/\"},\"sameAs\":[\"https:\/\/www.facebook.com\/mika.flojt\",\"https:\/\/x.com\/MikaFlojt\",\"https:\/\/www.instagram.com\/flojtmika\/\"]}]}<\/script>\n<!-- \/ Yoast SEO plugin. -->","yoast_head_json":{"title":"Videot - Eduskuntavaaliehdokas Mika Fl\u00f6jt | Kansanedustajaehdokas Oulun vaalipiiriss\u00e4","robots":{"index":"index","follow":"follow","max-snippet":"max-snippet:-1","max-image-preview":"max-image-preview:large","max-video-preview":"max-video-preview:-1"},"canonical":"https:\/\/www.mikaflojt.fi\/blogi\/videot\/","og_locale":"fi_FI","og_type":"article","og_title":"Videot - Eduskuntavaaliehdokas Mika Fl\u00f6jt | Kansanedustajaehdokas Oulun vaalipiiriss\u00e4","og_description":"T\u00e4ll\u00e4 sivulla videoita vuosien varrelta my\u00f6s vaaliteemojani koskevista aiheista. Muistathan \u00e4\u00e4nest\u00e4\u00e4! #pohjoisenpuolesta","og_url":"https:\/\/www.mikaflojt.fi\/blogi\/videot\/","og_site_name":"Eduskuntavaaliehdokas Mika Fl\u00f6jt | Kansanedustajaehdokas Oulun vaalipiiriss\u00e4","article_publisher":"https:\/\/www.facebook.com\/mika.flojt","article_modified_time":"2023-03-27T10:50:47+00:00","twitter_card":"summary_large_image","twitter_site":"@MikaFlojt","schema":{"@context":"https:\/\/schema.org","@graph":[{"@type":"WebPage","@id":"https:\/\/www.mikaflojt.fi\/blogi\/videot\/","url":"https:\/\/www.mikaflojt.fi\/blogi\/videot\/","name":"Videot - Eduskuntavaaliehdokas Mika Fl\u00f6jt | Kansanedustajaehdokas Oulun vaalipiiriss\u00e4","isPartOf":{"@id":"https:\/\/www.mikaflojt.fi\/blogi\/#website"},"datePublished":"2015-01-18T22:33:37+00:00","dateModified":"2023-03-27T10:50:47+00:00","breadcrumb":{"@id":"https:\/\/www.mikaflojt.fi\/blogi\/videot\/#breadcrumb"},"inLanguage":"fi","potentialAction":[{"@type":"ReadAction","target":["https:\/\/www.mikaflojt.fi\/blogi\/videot\/"]}]},{"@type":"BreadcrumbList","@id":"https:\/\/www.mikaflojt.fi\/blogi\/videot\/#breadcrumb","itemListElement":[{"@type":"ListItem","position":1,"name":"Etusivu","item":"https:\/\/www.mikaflojt.fi\/blogi\/"},{"@type":"ListItem","position":2,"name":"Videot"}]},{"@type":"WebSite","@id":"https:\/\/www.mikaflojt.fi\/blogi\/#website","url":"https:\/\/www.mikaflojt.fi\/blogi\/","name":"Eduskuntavaaliehdokas Mika Fl\u00f6jt | Kansanedustajaehdokas Oulun vaalipiiriss\u00e4","description":"#pohjoisenpuolesta Kansanedustajaehdokas Mika Fl\u00f6jt eduskuntaan vuoden 2015 eduskuntavaaleissa","publisher":{"@id":"https:\/\/www.mikaflojt.fi\/blogi\/#organization"},"potentialAction":[{"@type":"SearchAction","target":{"@type":"EntryPoint","urlTemplate":"https:\/\/www.mikaflojt.fi\/blogi\/?s={search_term_string}"},"query-input":{"@type":"PropertyValueSpecification","valueRequired":true,"valueName":"search_term_string"}}],"inLanguage":"fi"},{"@type":"Organization","@id":"https:\/\/www.mikaflojt.fi\/blogi\/#organization","name":"Eduskuntavaaliehdokas Mika Fl\u00f6jt | Kansanedustajaehdokas Oulun vaalipiiriss\u00e4","url":"https:\/\/www.mikaflojt.fi\/blogi\/","logo":{"@type":"ImageObject","inLanguage":"fi","@id":"https:\/\/www.mikaflojt.fi\/blogi\/#\/schema\/logo\/image\/","url":"https:\/\/www.mikaflojt.fi\/blogi\/wp-content\/uploads\/2023\/03\/mikamaapallo.jpg","contentUrl":"https:\/\/www.mikaflojt.fi\/blogi\/wp-content\/uploads\/2023\/03\/mikamaapallo.jpg","width":1420,"height":1344,"caption":"Eduskuntavaaliehdokas Mika Fl\u00f6jt | Kansanedustajaehdokas Oulun vaalipiiriss\u00e4"},"image":{"@id":"https:\/\/www.mikaflojt.fi\/blogi\/#\/schema\/logo\/image\/"},"sameAs":["https:\/\/www.facebook.com\/mika.flojt","https:\/\/x.com\/MikaFlojt","https:\/\/www.instagram.com\/flojtmika\/"]}]}},"_links":{"self":[{"href":"https:\/\/www.mikaflojt.fi\/blogi\/wp-json\/wp\/v2\/pages\/412","targetHints":{"allow":["GET"]}}],"collection":[{"href":"https:\/\/www.mikaflojt.fi\/blogi\/wp-json\/wp\/v2\/pages"}],"about":[{"href":"https:\/\/www.mikaflojt.fi\/blogi\/wp-json\/wp\/v2\/types\/page"}],"author":[{"embeddable":true,"href":"https:\/\/www.mikaflojt.fi\/blogi\/wp-json\/wp\/v2\/users\/2"}],"replies":[{"embeddable":true,"href":"https:\/\/www.mikaflojt.fi\/blogi\/wp-json\/wp\/v2\/comments?post=412"}],"version-history":[{"count":1,"href":"https:\/\/www.mikaflojt.fi\/blogi\/wp-json\/wp\/v2\/pages\/412\/revisions"}],"predecessor-version":[{"id":795,"href":"https:\/\/www.mikaflojt.fi\/blogi\/wp-json\/wp\/v2\/pages\/412\/revisions\/795"}],"wp:attachment":[{"href":"https:\/\/www.mikaflojt.fi\/blogi\/wp-json\/wp\/v2\/media?parent=412"}],"curies":[{"name":"wp","href":"https:\/\/api.w.org\/{rel}","templated":true}]}}