{"id":52,"date":"2015-01-15T17:12:14","date_gmt":"2015-01-15T17:12:14","guid":{"rendered":"http:\/\/eduskuntavaalit-2015.org\/?page_id=52"},"modified":"2023-03-27T13:05:25","modified_gmt":"2023-03-27T11:05:25","slug":"mika","status":"publish","type":"page","link":"https:\/\/www.mikaflojt.fi\/blogi\/mika\/","title":{"rendered":"Mika"},"content":{"rendered":"<div>\n<h1>Mika Fl\u00f6jt<\/h1>\n<p>Koillismaan yl\u00e4ng\u00f6lt\u00e4 Kuusamosta.<\/p>\n<p>Koulutukseltani olen yhteiskuntatieteiden maisteri; p\u00e4\u00e4aineenani kansainv\u00e4liset suhteet ja politiikka.<\/p>\n<p>T\u00e4ll\u00e4 hetkell\u00e4 toimin Koillismaan Vihreiden puheenjohtaja sek\u00e4 Kuusamon kaupunginvaltuuston ja kaupunginhallituksen j\u00e4senen\u00e4.<\/p>\n<p>Jokikalastajana It\u00e4meren lohipolitiikka, kalatiet ja koskiensuojelulain puolustaminen ovat l\u00e4hell\u00e4 syd\u00e4nt\u00e4ni.<\/p>\n<p>Viime vuosina olen tutkinut, kritisoinut ja kirjoittanut Pohjois-Suomen kaivos- ja energiahankkeista mm. Talvivaarasta, Kuusamon uraanikultakaivoksista, Raahen Laivakankaasta ja Fennovoiman ydinvoimahankkeista.<\/p>\n<p>Olen toiminut aktiivisesti yli 20 vuotta paikallisilla, kansallisilla ja kansainv\u00e4lisill\u00e4 kalastus-, ymp\u00e4rist\u00f6-, ilmasto- ja energiafoorumeilla. Olen osallistunut kansainv\u00e4lisiin ymp\u00e4rist\u00f6neuvotteluprosesseihin, kuten kemikaali- ja ilmastoneuvotteluihin ja YK:n kest\u00e4v\u00e4n kehityksen konferensseihin. Olen ollut my\u00f6s mukana Barentsin yhteisty\u00f6- ja pohjoisen ulottuvuuden kokouksissa.<\/p>\n<p>Olen ty\u00f6skennellyt Arktisessa yliopistossa ja osallistunut Arktisen Neuvoston kokouksiin tutkijana.<\/p>\n<p>Seuraan kansainv\u00e4list\u00e4 ja kansallista politiikkaa aktiivisesti ja olen kiinnostunut turvallisuus- ja geopolitiikasta.<\/p>\n<p>Katson ett\u00e4 Pohjois-Suomella on paljon annettavaa kaikilla n\u00e4ill\u00e4 alueilla.<\/p>\n<p>Nouse veneeseen ja soudetaan yhdess\u00e4 Pohjois-Suomen puolesta.<\/p>\n<p>Lupaan olla luottamuksesi arvoinen, tehd\u00e4 parhaani \u2013 ja v\u00e4h\u00e4n enemm\u00e4n.<\/p>\n<h4>Mika Fl\u00f6jt<\/h4>\n<p>#pohjoisenpuolesta<\/p>\n<\/div>\n<p><img decoding=\"async\" src=\"\/wp-content\/uploads\/2023\/03\/mika-pysty2.png\" alt=\"\"><\/p>\n<p><!--more--><br \/>\n<!-- {\"type\":\"layout\",\"children\":[{\"type\":\"section\",\"props\":{\"image_position\":\"center-center\",\"style\":\"default\",\"title_breakpoint\":\"xl\",\"title_position\":\"top-left\",\"title_rotation\":\"left\",\"vertical_align\":\"middle\",\"width\":\"default\"},\"children\":[{\"type\":\"row\",\"props\":{\"layout\":\"3-5,2-5\"},\"children\":[{\"type\":\"column\",\"props\":{\"image_position\":\"center-center\",\"media_overlay_gradient\":\"\",\"position_sticky_breakpoint\":\"m\",\"width_medium\":\"3-5\"},\"children\":[{\"type\":\"text\",\"props\":{\"column_breakpoint\":\"m\",\"content\":\"\n\n<h1>Mika Fl\\u00f6jt<\\\/h1>\\n\n\n<p>Koillismaan yl\\u00e4ng\\u00f6lt\\u00e4 Kuusamosta.<\\\/p>\\n\n\n<p>Koulutukseltani olen yhteiskuntatieteiden maisteri; p\\u00e4\\u00e4aineenani kansainv\\u00e4liset suhteet ja politiikka.<\\\/p>\\n\n\n<p>T\\u00e4ll\\u00e4 hetkell\\u00e4 toimin Koillismaan Vihreiden puheenjohtaja sek\\u00e4 Kuusamon kaupunginvaltuuston ja kaupunginhallituksen j\\u00e4senen\\u00e4.<\\\/p>\\n\n\n<p>Jokikalastajana It\\u00e4meren lohipolitiikka, kalatiet ja koskiensuojelulain puolustaminen ovat l\\u00e4hell\\u00e4 syd\\u00e4nt\\u00e4ni.<\\\/p>\\n\n\n<p>Viime vuosina olen tutkinut, kritisoinut ja kirjoittanut Pohjois-Suomen kaivos- ja energiahankkeista mm. Talvivaarasta, Kuusamon uraanikultakaivoksista, Raahen Laivakankaasta ja Fennovoiman ydinvoimahankkeista.<\\\/p>\\n\n\n<p>Olen toiminut aktiivisesti yli 20 vuotta paikallisilla, kansallisilla ja kansainv\\u00e4lisill\\u00e4 kalastus-, ymp\\u00e4rist\\u00f6-, ilmasto- ja energiafoorumeilla. Olen osallistunut kansainv\\u00e4lisiin ymp\\u00e4rist\\u00f6neuvotteluprosesseihin, kuten kemikaali- ja ilmastoneuvotteluihin ja YK:n kest\\u00e4v\\u00e4n kehityksen konferensseihin. Olen ollut my\\u00f6s mukana Barentsin yhteisty\\u00f6- ja pohjoisen ulottuvuuden kokouksissa.<\\\/p>\\n\n\n<p>Olen ty\\u00f6skennellyt Arktisessa yliopistossa ja osallistunut Arktisen Neuvoston kokouksiin tutkijana.<\\\/p>\\n\n\n<p>Seuraan kansainv\\u00e4list\\u00e4 ja kansallista politiikkaa aktiivisesti ja olen kiinnostunut turvallisuus- ja geopolitiikasta.<\\\/p>\\n\n\n<p>Katson ett\\u00e4 Pohjois-Suomella on paljon annettavaa kaikilla n\\u00e4ill\\u00e4 alueilla.<\\\/p>\\n\n\n<p>Nouse veneeseen ja soudetaan yhdess\\u00e4 Pohjois-Suomen puolesta.<\\\/p>\\n\n\n<p>Lupaan olla luottamuksesi arvoinen, tehd\\u00e4 parhaani \\u2013 ja v\\u00e4h\\u00e4n enemm\\u00e4n.<\\\/p>\\n\n\n<h4>Mika Fl\\u00f6jt<\\\/h4>\\n\n\n<p>#pohjoisenpuolesta<\\\/p>\",\"margin\":\"default\"}}]},{\"type\":\"column\",\"props\":{\"image_position\":\"center-center\",\"media_overlay_gradient\":\"\",\"position_sticky_breakpoint\":\"m\",\"width_medium\":\"2-5\"},\"children\":[{\"type\":\"image\",\"props\":{\"image\":\"wp-content\\\/uploads\\\/2023\\\/03\\\/mika-pysty2.png\",\"image_svg_color\":\"emphasis\",\"margin\":\"default\"}}]}]}]}],\"version\":\"3.0.25\"} --><\/p>\n","protected":false},"excerpt":{"rendered":"<p>Mika Fl\u00f6jt Koillismaan yl\u00e4ng\u00f6lt\u00e4 Kuusamosta. Koulutukseltani olen yhteiskuntatieteiden maisteri; p\u00e4\u00e4aineenani kansainv\u00e4liset suhteet ja politiikka. T\u00e4ll\u00e4 hetkell\u00e4 toimin Koillismaan Vihreiden puheenjohtaja sek\u00e4 Kuusamon kaupunginvaltuuston ja kaupunginhallituksen j\u00e4senen\u00e4. Jokikalastajana It\u00e4meren lohipolitiikka, kalatiet ja koskiensuojelulain puolustaminen ovat l\u00e4hell\u00e4 syd\u00e4nt\u00e4ni. Viime vuosina olen tutkinut, kritisoinut ja kirjoittanut Pohjois-Suomen kaivos- ja energiahankkeista mm. Talvivaarasta, Kuusamon uraanikultakaivoksista, Raahen Laivakankaasta ja Fennovoiman [&hellip;]<\/p>\n","protected":false},"author":2,"featured_media":0,"parent":0,"menu_order":0,"comment_status":"closed","ping_status":"open","template":"page-template-blank.php","meta":{"footnotes":""},"class_list":["post-52","page","type-page","status-publish","hentry"],"yoast_head":"<!-- This site is optimized with the Yoast SEO plugin v26.6 - https:\/\/yoast.com\/wordpress\/plugins\/seo\/ -->\n<title>Mika - Eduskuntavaaliehdokas Mika Fl\u00f6jt | Kansanedustajaehdokas Oulun vaalipiiriss\u00e4<\/title>\n<meta name=\"robots\" content=\"index, follow, max-snippet:-1, max-image-preview:large, max-video-preview:-1\" \/>\n<link rel=\"canonical\" href=\"https:\/\/www.mikaflojt.fi\/blogi\/mika\/\" \/>\n<meta property=\"og:locale\" content=\"fi_FI\" \/>\n<meta property=\"og:type\" content=\"article\" \/>\n<meta property=\"og:title\" content=\"Mika - Eduskuntavaaliehdokas Mika Fl\u00f6jt | Kansanedustajaehdokas Oulun vaalipiiriss\u00e4\" \/>\n<meta property=\"og:description\" content=\"Mika Fl\u00f6jt Koillismaan yl\u00e4ng\u00f6lt\u00e4 Kuusamosta. Koulutukseltani olen yhteiskuntatieteiden maisteri; p\u00e4\u00e4aineenani kansainv\u00e4liset suhteet ja politiikka. T\u00e4ll\u00e4 hetkell\u00e4 toimin Koillismaan Vihreiden puheenjohtaja sek\u00e4 Kuusamon kaupunginvaltuuston ja kaupunginhallituksen j\u00e4senen\u00e4. Jokikalastajana It\u00e4meren lohipolitiikka, kalatiet ja koskiensuojelulain puolustaminen ovat l\u00e4hell\u00e4 syd\u00e4nt\u00e4ni. Viime vuosina olen tutkinut, kritisoinut ja kirjoittanut Pohjois-Suomen kaivos- ja energiahankkeista mm. Talvivaarasta, Kuusamon uraanikultakaivoksista, Raahen Laivakankaasta ja Fennovoiman [&hellip;]\" \/>\n<meta property=\"og:url\" content=\"https:\/\/www.mikaflojt.fi\/blogi\/mika\/\" \/>\n<meta property=\"og:site_name\" content=\"Eduskuntavaaliehdokas Mika Fl\u00f6jt | Kansanedustajaehdokas Oulun vaalipiiriss\u00e4\" \/>\n<meta property=\"article:publisher\" content=\"https:\/\/www.facebook.com\/mika.flojt\" \/>\n<meta property=\"article:modified_time\" content=\"2023-03-27T11:05:25+00:00\" \/>\n<meta name=\"twitter:card\" content=\"summary_large_image\" \/>\n<meta name=\"twitter:site\" content=\"@MikaFlojt\" \/>\n<meta name=\"twitter:label1\" content=\"Arvioitu lukuaika\" \/>\n\t<meta name=\"twitter:data1\" content=\"1 minuutti\" \/>\n<script type=\"application\/ld+json\" class=\"yoast-schema-graph\">{\"@context\":\"https:\/\/schema.org\",\"@graph\":[{\"@type\":\"WebPage\",\"@id\":\"https:\/\/www.mikaflojt.fi\/blogi\/mika\/\",\"url\":\"https:\/\/www.mikaflojt.fi\/blogi\/mika\/\",\"name\":\"Mika - Eduskuntavaaliehdokas Mika Fl\u00f6jt | Kansanedustajaehdokas Oulun vaalipiiriss\u00e4\",\"isPartOf\":{\"@id\":\"https:\/\/www.mikaflojt.fi\/blogi\/#website\"},\"datePublished\":\"2015-01-15T17:12:14+00:00\",\"dateModified\":\"2023-03-27T11:05:25+00:00\",\"breadcrumb\":{\"@id\":\"https:\/\/www.mikaflojt.fi\/blogi\/mika\/#breadcrumb\"},\"inLanguage\":\"fi\",\"potentialAction\":[{\"@type\":\"ReadAction\",\"target\":[\"https:\/\/www.mikaflojt.fi\/blogi\/mika\/\"]}]},{\"@type\":\"BreadcrumbList\",\"@id\":\"https:\/\/www.mikaflojt.fi\/blogi\/mika\/#breadcrumb\",\"itemListElement\":[{\"@type\":\"ListItem\",\"position\":1,\"name\":\"Etusivu\",\"item\":\"https:\/\/www.mikaflojt.fi\/blogi\/\"},{\"@type\":\"ListItem\",\"position\":2,\"name\":\"Mika\"}]},{\"@type\":\"WebSite\",\"@id\":\"https:\/\/www.mikaflojt.fi\/blogi\/#website\",\"url\":\"https:\/\/www.mikaflojt.fi\/blogi\/\",\"name\":\"Eduskuntavaaliehdokas Mika Fl\u00f6jt | Kansanedustajaehdokas Oulun vaalipiiriss\u00e4\",\"description\":\"#pohjoisenpuolesta Kansanedustajaehdokas Mika Fl\u00f6jt eduskuntaan vuoden 2015 eduskuntavaaleissa\",\"publisher\":{\"@id\":\"https:\/\/www.mikaflojt.fi\/blogi\/#organization\"},\"potentialAction\":[{\"@type\":\"SearchAction\",\"target\":{\"@type\":\"EntryPoint\",\"urlTemplate\":\"https:\/\/www.mikaflojt.fi\/blogi\/?s={search_term_string}\"},\"query-input\":{\"@type\":\"PropertyValueSpecification\",\"valueRequired\":true,\"valueName\":\"search_term_string\"}}],\"inLanguage\":\"fi\"},{\"@type\":\"Organization\",\"@id\":\"https:\/\/www.mikaflojt.fi\/blogi\/#organization\",\"name\":\"Eduskuntavaaliehdokas Mika Fl\u00f6jt | Kansanedustajaehdokas Oulun vaalipiiriss\u00e4\",\"url\":\"https:\/\/www.mikaflojt.fi\/blogi\/\",\"logo\":{\"@type\":\"ImageObject\",\"inLanguage\":\"fi\",\"@id\":\"https:\/\/www.mikaflojt.fi\/blogi\/#\/schema\/logo\/image\/\",\"url\":\"https:\/\/www.mikaflojt.fi\/blogi\/wp-content\/uploads\/2023\/03\/mikamaapallo.jpg\",\"contentUrl\":\"https:\/\/www.mikaflojt.fi\/blogi\/wp-content\/uploads\/2023\/03\/mikamaapallo.jpg\",\"width\":1420,\"height\":1344,\"caption\":\"Eduskuntavaaliehdokas Mika Fl\u00f6jt | Kansanedustajaehdokas Oulun vaalipiiriss\u00e4\"},\"image\":{\"@id\":\"https:\/\/www.mikaflojt.fi\/blogi\/#\/schema\/logo\/image\/\"},\"sameAs\":[\"https:\/\/www.facebook.com\/mika.flojt\",\"https:\/\/x.com\/MikaFlojt\",\"https:\/\/www.instagram.com\/flojtmika\/\"]}]}<\/script>\n<!-- \/ Yoast SEO plugin. -->","yoast_head_json":{"title":"Mika - Eduskuntavaaliehdokas Mika Fl\u00f6jt | Kansanedustajaehdokas Oulun vaalipiiriss\u00e4","robots":{"index":"index","follow":"follow","max-snippet":"max-snippet:-1","max-image-preview":"max-image-preview:large","max-video-preview":"max-video-preview:-1"},"canonical":"https:\/\/www.mikaflojt.fi\/blogi\/mika\/","og_locale":"fi_FI","og_type":"article","og_title":"Mika - Eduskuntavaaliehdokas Mika Fl\u00f6jt | Kansanedustajaehdokas Oulun vaalipiiriss\u00e4","og_description":"Mika Fl\u00f6jt Koillismaan yl\u00e4ng\u00f6lt\u00e4 Kuusamosta. Koulutukseltani olen yhteiskuntatieteiden maisteri; p\u00e4\u00e4aineenani kansainv\u00e4liset suhteet ja politiikka. T\u00e4ll\u00e4 hetkell\u00e4 toimin Koillismaan Vihreiden puheenjohtaja sek\u00e4 Kuusamon kaupunginvaltuuston ja kaupunginhallituksen j\u00e4senen\u00e4. Jokikalastajana It\u00e4meren lohipolitiikka, kalatiet ja koskiensuojelulain puolustaminen ovat l\u00e4hell\u00e4 syd\u00e4nt\u00e4ni. Viime vuosina olen tutkinut, kritisoinut ja kirjoittanut Pohjois-Suomen kaivos- ja energiahankkeista mm. Talvivaarasta, Kuusamon uraanikultakaivoksista, Raahen Laivakankaasta ja Fennovoiman [&hellip;]","og_url":"https:\/\/www.mikaflojt.fi\/blogi\/mika\/","og_site_name":"Eduskuntavaaliehdokas Mika Fl\u00f6jt | Kansanedustajaehdokas Oulun vaalipiiriss\u00e4","article_publisher":"https:\/\/www.facebook.com\/mika.flojt","article_modified_time":"2023-03-27T11:05:25+00:00","twitter_card":"summary_large_image","twitter_site":"@MikaFlojt","twitter_misc":{"Arvioitu lukuaika":"1 minuutti"},"schema":{"@context":"https:\/\/schema.org","@graph":[{"@type":"WebPage","@id":"https:\/\/www.mikaflojt.fi\/blogi\/mika\/","url":"https:\/\/www.mikaflojt.fi\/blogi\/mika\/","name":"Mika - Eduskuntavaaliehdokas Mika Fl\u00f6jt | Kansanedustajaehdokas Oulun vaalipiiriss\u00e4","isPartOf":{"@id":"https:\/\/www.mikaflojt.fi\/blogi\/#website"},"datePublished":"2015-01-15T17:12:14+00:00","dateModified":"2023-03-27T11:05:25+00:00","breadcrumb":{"@id":"https:\/\/www.mikaflojt.fi\/blogi\/mika\/#breadcrumb"},"inLanguage":"fi","potentialAction":[{"@type":"ReadAction","target":["https:\/\/www.mikaflojt.fi\/blogi\/mika\/"]}]},{"@type":"BreadcrumbList","@id":"https:\/\/www.mikaflojt.fi\/blogi\/mika\/#breadcrumb","itemListElement":[{"@type":"ListItem","position":1,"name":"Etusivu","item":"https:\/\/www.mikaflojt.fi\/blogi\/"},{"@type":"ListItem","position":2,"name":"Mika"}]},{"@type":"WebSite","@id":"https:\/\/www.mikaflojt.fi\/blogi\/#website","url":"https:\/\/www.mikaflojt.fi\/blogi\/","name":"Eduskuntavaaliehdokas Mika Fl\u00f6jt | Kansanedustajaehdokas Oulun vaalipiiriss\u00e4","description":"#pohjoisenpuolesta Kansanedustajaehdokas Mika Fl\u00f6jt eduskuntaan vuoden 2015 eduskuntavaaleissa","publisher":{"@id":"https:\/\/www.mikaflojt.fi\/blogi\/#organization"},"potentialAction":[{"@type":"SearchAction","target":{"@type":"EntryPoint","urlTemplate":"https:\/\/www.mikaflojt.fi\/blogi\/?s={search_term_string}"},"query-input":{"@type":"PropertyValueSpecification","valueRequired":true,"valueName":"search_term_string"}}],"inLanguage":"fi"},{"@type":"Organization","@id":"https:\/\/www.mikaflojt.fi\/blogi\/#organization","name":"Eduskuntavaaliehdokas Mika Fl\u00f6jt | Kansanedustajaehdokas Oulun vaalipiiriss\u00e4","url":"https:\/\/www.mikaflojt.fi\/blogi\/","logo":{"@type":"ImageObject","inLanguage":"fi","@id":"https:\/\/www.mikaflojt.fi\/blogi\/#\/schema\/logo\/image\/","url":"https:\/\/www.mikaflojt.fi\/blogi\/wp-content\/uploads\/2023\/03\/mikamaapallo.jpg","contentUrl":"https:\/\/www.mikaflojt.fi\/blogi\/wp-content\/uploads\/2023\/03\/mikamaapallo.jpg","width":1420,"height":1344,"caption":"Eduskuntavaaliehdokas Mika Fl\u00f6jt | Kansanedustajaehdokas Oulun vaalipiiriss\u00e4"},"image":{"@id":"https:\/\/www.mikaflojt.fi\/blogi\/#\/schema\/logo\/image\/"},"sameAs":["https:\/\/www.facebook.com\/mika.flojt","https:\/\/x.com\/MikaFlojt","https:\/\/www.instagram.com\/flojtmika\/"]}]}},"_links":{"self":[{"href":"https:\/\/www.mikaflojt.fi\/blogi\/wp-json\/wp\/v2\/pages\/52","targetHints":{"allow":["GET"]}}],"collection":[{"href":"https:\/\/www.mikaflojt.fi\/blogi\/wp-json\/wp\/v2\/pages"}],"about":[{"href":"https:\/\/www.mikaflojt.fi\/blogi\/wp-json\/wp\/v2\/types\/page"}],"author":[{"embeddable":true,"href":"https:\/\/www.mikaflojt.fi\/blogi\/wp-json\/wp\/v2\/users\/2"}],"replies":[{"embeddable":true,"href":"https:\/\/www.mikaflojt.fi\/blogi\/wp-json\/wp\/v2\/comments?post=52"}],"version-history":[{"count":3,"href":"https:\/\/www.mikaflojt.fi\/blogi\/wp-json\/wp\/v2\/pages\/52\/revisions"}],"predecessor-version":[{"id":807,"href":"https:\/\/www.mikaflojt.fi\/blogi\/wp-json\/wp\/v2\/pages\/52\/revisions\/807"}],"wp:attachment":[{"href":"https:\/\/www.mikaflojt.fi\/blogi\/wp-json\/wp\/v2\/media?parent=52"}],"curies":[{"name":"wp","href":"https:\/\/api.w.org\/{rel}","templated":true}]}}