{"id":54,"date":"2015-01-15T17:13:53","date_gmt":"2015-01-15T17:13:53","guid":{"rendered":"http:\/\/eduskuntavaalit-2015.org\/?page_id=54"},"modified":"2023-03-27T12:41:38","modified_gmt":"2023-03-27T10:41:38","slug":"politiikka","status":"publish","type":"page","link":"https:\/\/www.mikaflojt.fi\/blogi\/politiikka\/","title":{"rendered":"Politiikka"},"content":{"rendered":"<p><img decoding=\"async\" src=\"\/wp-content\/uploads\/2023\/03\/blogipalkki-pieni31.jpg\" alt=\"\"><\/p>\n<div>\n<div class=\"uk-margin-medium\" property=\"text\">\n<h1>Mika Fl\u00f6jtin poliittinen osallistuminen<\/h1>\n<div class=\"et_pb_text et_pb_bg_layout_light et_pb_text_align_left\">\n<p>2015 Eduskuntavaaliehdokkaana Oulun vaalipiiriss\u00e4<\/p>\n<p><span class=\"null\">2012- Kuusamon kunnanvaltuutettu, Vihre\u00e4n valtuustoryhm\u00e4n pj, kaupunginhallituksen j\u00e4sen<\/span><\/p>\n<p><span class=\"null\">2012- Koillismaan Vihre\u00e4t, puheenjohtaja<\/span><\/p>\n<p><span class=\"null\">2012- Oulun vaalipiirin Vihre\u00e4t ry, hallituksen j\u00e4sen<\/span><\/p>\n<p><span class=\"null\">2011-2014 Maaseutu- ja er\u00e4vihreiden varapuheenjohtaja<\/span><\/p>\n<p><span class=\"null\">2011 Ehdokkaana Vihreiden puheenjohtajaksi<\/span><\/p>\n<p><span class=\"null\">2011 Eduskuntavaaliehdokkaana Lapin vaalipiiriss\u00e4<\/span><\/p>\n<\/div>\n<\/div>\n<\/div>\n<div>\n<div class=\"uk-margin-medium\" property=\"text\">\n<h2>Vaaliteemat eduskuntavaaleissa 2015<\/h2>\n<ul>\n<li>El\u00e4v\u00e4 ja turvallinen Pohjois-Suomi<\/li>\n<li>Ekologisesti, sosiaalisesti ja taloudellisesti kest\u00e4v\u00e4 vihre\u00e4 talous<\/li>\n<li>Hajautetun uusiutuvan energian puolesta \u2013 Ei uraanivoimaa<\/li>\n<li>Puurakentamista ja biokaasutuotantoa edistett\u00e4v\u00e4<\/li>\n<li>Hajautetun ruokatuotannon ja l\u00e4hiruuan puolesta<\/li>\n<li>Kaivoslaki uudistettava oikeudenmukaisemmaksi<\/li>\n<li>Vaelluskalojen ja koskiensuojeluin puolesta \u2013 ei Kollajaa<\/li>\n<li>Perustulon ja tasa-arvoisen koulutuksen puolesta<\/li>\n<\/ul>\n<\/div>\n<\/div>\n<p><img decoding=\"async\" src=\"\/wp-content\/uploads\/2023\/03\/MikaPallolla.jpg\" alt=\"\"><\/p>\n<p><!--more--><br \/>\n<!-- {\"type\":\"layout\",\"children\":[{\"type\":\"section\",\"props\":{\"image_position\":\"center-center\",\"style\":\"default\",\"title_breakpoint\":\"xl\",\"title_position\":\"top-left\",\"title_rotation\":\"left\",\"vertical_align\":\"middle\",\"width\":\"default\"},\"children\":[{\"type\":\"row\",\"children\":[{\"type\":\"column\",\"props\":{\"image_position\":\"center-center\",\"media_overlay_gradient\":\"\",\"position_sticky_breakpoint\":\"m\"},\"children\":[{\"type\":\"image\",\"props\":{\"image\":\"wp-content\\\/uploads\\\/2023\\\/03\\\/blogipalkki-pieni31.jpg\",\"image_svg_color\":\"emphasis\",\"margin\":\"default\"}}]}]}]},{\"type\":\"section\",\"props\":{\"image_position\":\"center-center\",\"style\":\"default\",\"title_breakpoint\":\"xl\",\"title_position\":\"top-left\",\"title_rotation\":\"left\",\"vertical_align\":\"middle\",\"width\":\"default\"},\"children\":[{\"type\":\"row\",\"props\":{\"layout\":\"2-3,1-3\"},\"children\":[{\"type\":\"column\",\"props\":{\"image_position\":\"center-center\",\"media_overlay_gradient\":\"\",\"position_sticky_breakpoint\":\"m\",\"width_medium\":\"2-3\"},\"children\":[{\"type\":\"text\",\"props\":{\"column_breakpoint\":\"m\",\"content\":\"\n\n<div class=\\\"uk-margin-medium\\\" property=\\\"text\\\">\\n\n\n<h1>Mika Fl\\u00f6jtin poliittinen osallistuminen<\\\/h1>\\n\n\n<div class=\\\"et_pb_text et_pb_bg_layout_light et_pb_text_align_left\\\">\\n\n\n<p>2015 Eduskuntavaaliehdokkaana Oulun vaalipiiriss\\u00e4<\\\/p>\\n\n\n<p><span class=\\\"null\\\">2012- Kuusamon kunnanvaltuutettu, Vihre\\u00e4n valtuustoryhm\\u00e4n pj, kaupunginhallituksen j\\u00e4sen<\\\/span><\\\/p>\\n\n\n<p><span class=\\\"null\\\">2012- Koillismaan Vihre\\u00e4t, puheenjohtaja<\\\/span><\\\/p>\\n\n\n<p><span class=\\\"null\\\">2012- Oulun vaalipiirin Vihre\\u00e4t ry, hallituksen j\\u00e4sen<\\\/span><\\\/p>\\n\n\n<p><span class=\\\"null\\\">2011-2014 Maaseutu- ja er\\u00e4vihreiden varapuheenjohtaja<\\\/span><\\\/p>\\n\n\n<p><span class=\\\"null\\\">2011 Ehdokkaana Vihreiden puheenjohtajaksi<\\\/span><\\\/p>\\n\n\n<p><span class=\\\"null\\\">2011 Eduskuntavaaliehdokkaana Lapin vaalipiiriss\\u00e4<\\\/span><\\\/p>\\n<\\\/div>\\n<\\\/div>\",\"margin\":\"default\"}},{\"type\":\"text\",\"props\":{\"column_breakpoint\":\"m\",\"content\":\"\n\n<div class=\\\"uk-margin-medium\\\" property=\\\"text\\\">\\n\n\n<h2>Vaaliteemat eduskuntavaaleissa 2015<\\\/h2>\\n\n\n<ul>\\n\n\n<li>El\\u00e4v\\u00e4 ja turvallinen Pohjois-Suomi<\\\/li>\\n\n\n<li>Ekologisesti, sosiaalisesti ja taloudellisesti kest\\u00e4v\\u00e4 vihre\\u00e4 talous<\\\/li>\\n\n\n<li>Hajautetun uusiutuvan energian puolesta \\u2013 Ei uraanivoimaa<\\\/li>\\n\n\n<li>Puurakentamista ja biokaasutuotantoa edistett\\u00e4v\\u00e4<\\\/li>\\n\n\n<li>Hajautetun ruokatuotannon ja l\\u00e4hiruuan puolesta<\\\/li>\\n\n\n<li>Kaivoslaki uudistettava oikeudenmukaisemmaksi<\\\/li>\\n\n\n<li>Vaelluskalojen ja koskiensuojeluin puolesta \\u2013 ei Kollajaa<\\\/li>\\n\n\n<li>Perustulon ja tasa-arvoisen koulutuksen puolesta<\\\/li>\\n<\\\/ul>\\n<\\\/div>\",\"margin\":\"default\"}}]},{\"type\":\"column\",\"props\":{\"image_position\":\"center-center\",\"media_overlay_gradient\":\"\",\"position_sticky_breakpoint\":\"m\",\"width_medium\":\"1-3\"},\"children\":[{\"type\":\"image\",\"props\":{\"image\":\"wp-content\\\/uploads\\\/2023\\\/03\\\/MikaPallolla.jpg\",\"image_svg_color\":\"emphasis\",\"margin\":\"default\"}}]}]}]}],\"version\":\"3.0.25\"} --><\/p>\n","protected":false},"excerpt":{"rendered":"<p>Mika Fl\u00f6jtin poliittinen osallistuminen 2015 Eduskuntavaaliehdokkaana Oulun vaalipiiriss\u00e4 2012- Kuusamon kunnanvaltuutettu, Vihre\u00e4n valtuustoryhm\u00e4n pj, kaupunginhallituksen j\u00e4sen 2012- Koillismaan Vihre\u00e4t, puheenjohtaja 2012- Oulun vaalipiirin Vihre\u00e4t ry, hallituksen j\u00e4sen 2011-2014 Maaseutu- ja er\u00e4vihreiden varapuheenjohtaja 2011 Ehdokkaana Vihreiden puheenjohtajaksi 2011 Eduskuntavaaliehdokkaana Lapin vaalipiiriss\u00e4 Vaaliteemat eduskuntavaaleissa 2015 El\u00e4v\u00e4 ja turvallinen Pohjois-Suomi Ekologisesti, sosiaalisesti ja taloudellisesti kest\u00e4v\u00e4 vihre\u00e4 talous Hajautetun [&hellip;]<\/p>\n","protected":false},"author":2,"featured_media":0,"parent":0,"menu_order":0,"comment_status":"closed","ping_status":"open","template":"page-template-blank.php","meta":{"footnotes":""},"class_list":["post-54","page","type-page","status-publish","hentry"],"yoast_head":"<!-- This site is optimized with the Yoast SEO plugin v26.6 - https:\/\/yoast.com\/wordpress\/plugins\/seo\/ -->\n<title>Politiikka - Eduskuntavaaliehdokas Mika Fl\u00f6jt | Kansanedustajaehdokas Oulun vaalipiiriss\u00e4<\/title>\n<meta name=\"robots\" content=\"index, follow, max-snippet:-1, max-image-preview:large, max-video-preview:-1\" \/>\n<link rel=\"canonical\" href=\"https:\/\/www.mikaflojt.fi\/blogi\/politiikka\/\" \/>\n<meta property=\"og:locale\" content=\"fi_FI\" \/>\n<meta property=\"og:type\" content=\"article\" \/>\n<meta property=\"og:title\" content=\"Politiikka - Eduskuntavaaliehdokas Mika Fl\u00f6jt | Kansanedustajaehdokas Oulun vaalipiiriss\u00e4\" \/>\n<meta property=\"og:description\" content=\"Mika Fl\u00f6jtin poliittinen osallistuminen 2015 Eduskuntavaaliehdokkaana Oulun vaalipiiriss\u00e4 2012- Kuusamon kunnanvaltuutettu, Vihre\u00e4n valtuustoryhm\u00e4n pj, kaupunginhallituksen j\u00e4sen 2012- Koillismaan Vihre\u00e4t, puheenjohtaja 2012- Oulun vaalipiirin Vihre\u00e4t ry, hallituksen j\u00e4sen 2011-2014 Maaseutu- ja er\u00e4vihreiden varapuheenjohtaja 2011 Ehdokkaana Vihreiden puheenjohtajaksi 2011 Eduskuntavaaliehdokkaana Lapin vaalipiiriss\u00e4 Vaaliteemat eduskuntavaaleissa 2015 El\u00e4v\u00e4 ja turvallinen Pohjois-Suomi Ekologisesti, sosiaalisesti ja taloudellisesti kest\u00e4v\u00e4 vihre\u00e4 talous Hajautetun [&hellip;]\" \/>\n<meta property=\"og:url\" content=\"https:\/\/www.mikaflojt.fi\/blogi\/politiikka\/\" \/>\n<meta property=\"og:site_name\" content=\"Eduskuntavaaliehdokas Mika Fl\u00f6jt | Kansanedustajaehdokas Oulun vaalipiiriss\u00e4\" \/>\n<meta property=\"article:publisher\" content=\"https:\/\/www.facebook.com\/mika.flojt\" \/>\n<meta property=\"article:modified_time\" content=\"2023-03-27T10:41:38+00:00\" \/>\n<meta name=\"twitter:card\" content=\"summary_large_image\" \/>\n<meta name=\"twitter:site\" content=\"@MikaFlojt\" \/>\n<script type=\"application\/ld+json\" class=\"yoast-schema-graph\">{\"@context\":\"https:\/\/schema.org\",\"@graph\":[{\"@type\":\"WebPage\",\"@id\":\"https:\/\/www.mikaflojt.fi\/blogi\/politiikka\/\",\"url\":\"https:\/\/www.mikaflojt.fi\/blogi\/politiikka\/\",\"name\":\"Politiikka - Eduskuntavaaliehdokas Mika Fl\u00f6jt | Kansanedustajaehdokas Oulun vaalipiiriss\u00e4\",\"isPartOf\":{\"@id\":\"https:\/\/www.mikaflojt.fi\/blogi\/#website\"},\"datePublished\":\"2015-01-15T17:13:53+00:00\",\"dateModified\":\"2023-03-27T10:41:38+00:00\",\"breadcrumb\":{\"@id\":\"https:\/\/www.mikaflojt.fi\/blogi\/politiikka\/#breadcrumb\"},\"inLanguage\":\"fi\",\"potentialAction\":[{\"@type\":\"ReadAction\",\"target\":[\"https:\/\/www.mikaflojt.fi\/blogi\/politiikka\/\"]}]},{\"@type\":\"BreadcrumbList\",\"@id\":\"https:\/\/www.mikaflojt.fi\/blogi\/politiikka\/#breadcrumb\",\"itemListElement\":[{\"@type\":\"ListItem\",\"position\":1,\"name\":\"Etusivu\",\"item\":\"https:\/\/www.mikaflojt.fi\/blogi\/\"},{\"@type\":\"ListItem\",\"position\":2,\"name\":\"Politiikka\"}]},{\"@type\":\"WebSite\",\"@id\":\"https:\/\/www.mikaflojt.fi\/blogi\/#website\",\"url\":\"https:\/\/www.mikaflojt.fi\/blogi\/\",\"name\":\"Eduskuntavaaliehdokas Mika Fl\u00f6jt | Kansanedustajaehdokas Oulun vaalipiiriss\u00e4\",\"description\":\"#pohjoisenpuolesta Kansanedustajaehdokas Mika Fl\u00f6jt eduskuntaan vuoden 2015 eduskuntavaaleissa\",\"publisher\":{\"@id\":\"https:\/\/www.mikaflojt.fi\/blogi\/#organization\"},\"potentialAction\":[{\"@type\":\"SearchAction\",\"target\":{\"@type\":\"EntryPoint\",\"urlTemplate\":\"https:\/\/www.mikaflojt.fi\/blogi\/?s={search_term_string}\"},\"query-input\":{\"@type\":\"PropertyValueSpecification\",\"valueRequired\":true,\"valueName\":\"search_term_string\"}}],\"inLanguage\":\"fi\"},{\"@type\":\"Organization\",\"@id\":\"https:\/\/www.mikaflojt.fi\/blogi\/#organization\",\"name\":\"Eduskuntavaaliehdokas Mika Fl\u00f6jt | Kansanedustajaehdokas Oulun vaalipiiriss\u00e4\",\"url\":\"https:\/\/www.mikaflojt.fi\/blogi\/\",\"logo\":{\"@type\":\"ImageObject\",\"inLanguage\":\"fi\",\"@id\":\"https:\/\/www.mikaflojt.fi\/blogi\/#\/schema\/logo\/image\/\",\"url\":\"https:\/\/www.mikaflojt.fi\/blogi\/wp-content\/uploads\/2023\/03\/mikamaapallo.jpg\",\"contentUrl\":\"https:\/\/www.mikaflojt.fi\/blogi\/wp-content\/uploads\/2023\/03\/mikamaapallo.jpg\",\"width\":1420,\"height\":1344,\"caption\":\"Eduskuntavaaliehdokas Mika Fl\u00f6jt | Kansanedustajaehdokas Oulun vaalipiiriss\u00e4\"},\"image\":{\"@id\":\"https:\/\/www.mikaflojt.fi\/blogi\/#\/schema\/logo\/image\/\"},\"sameAs\":[\"https:\/\/www.facebook.com\/mika.flojt\",\"https:\/\/x.com\/MikaFlojt\",\"https:\/\/www.instagram.com\/flojtmika\/\"]}]}<\/script>\n<!-- \/ Yoast SEO plugin. -->","yoast_head_json":{"title":"Politiikka - Eduskuntavaaliehdokas Mika Fl\u00f6jt | Kansanedustajaehdokas Oulun vaalipiiriss\u00e4","robots":{"index":"index","follow":"follow","max-snippet":"max-snippet:-1","max-image-preview":"max-image-preview:large","max-video-preview":"max-video-preview:-1"},"canonical":"https:\/\/www.mikaflojt.fi\/blogi\/politiikka\/","og_locale":"fi_FI","og_type":"article","og_title":"Politiikka - Eduskuntavaaliehdokas Mika Fl\u00f6jt | Kansanedustajaehdokas Oulun vaalipiiriss\u00e4","og_description":"Mika Fl\u00f6jtin poliittinen osallistuminen 2015 Eduskuntavaaliehdokkaana Oulun vaalipiiriss\u00e4 2012- Kuusamon kunnanvaltuutettu, Vihre\u00e4n valtuustoryhm\u00e4n pj, kaupunginhallituksen j\u00e4sen 2012- Koillismaan Vihre\u00e4t, puheenjohtaja 2012- Oulun vaalipiirin Vihre\u00e4t ry, hallituksen j\u00e4sen 2011-2014 Maaseutu- ja er\u00e4vihreiden varapuheenjohtaja 2011 Ehdokkaana Vihreiden puheenjohtajaksi 2011 Eduskuntavaaliehdokkaana Lapin vaalipiiriss\u00e4 Vaaliteemat eduskuntavaaleissa 2015 El\u00e4v\u00e4 ja turvallinen Pohjois-Suomi Ekologisesti, sosiaalisesti ja taloudellisesti kest\u00e4v\u00e4 vihre\u00e4 talous Hajautetun [&hellip;]","og_url":"https:\/\/www.mikaflojt.fi\/blogi\/politiikka\/","og_site_name":"Eduskuntavaaliehdokas Mika Fl\u00f6jt | Kansanedustajaehdokas Oulun vaalipiiriss\u00e4","article_publisher":"https:\/\/www.facebook.com\/mika.flojt","article_modified_time":"2023-03-27T10:41:38+00:00","twitter_card":"summary_large_image","twitter_site":"@MikaFlojt","schema":{"@context":"https:\/\/schema.org","@graph":[{"@type":"WebPage","@id":"https:\/\/www.mikaflojt.fi\/blogi\/politiikka\/","url":"https:\/\/www.mikaflojt.fi\/blogi\/politiikka\/","name":"Politiikka - Eduskuntavaaliehdokas Mika Fl\u00f6jt | Kansanedustajaehdokas Oulun vaalipiiriss\u00e4","isPartOf":{"@id":"https:\/\/www.mikaflojt.fi\/blogi\/#website"},"datePublished":"2015-01-15T17:13:53+00:00","dateModified":"2023-03-27T10:41:38+00:00","breadcrumb":{"@id":"https:\/\/www.mikaflojt.fi\/blogi\/politiikka\/#breadcrumb"},"inLanguage":"fi","potentialAction":[{"@type":"ReadAction","target":["https:\/\/www.mikaflojt.fi\/blogi\/politiikka\/"]}]},{"@type":"BreadcrumbList","@id":"https:\/\/www.mikaflojt.fi\/blogi\/politiikka\/#breadcrumb","itemListElement":[{"@type":"ListItem","position":1,"name":"Etusivu","item":"https:\/\/www.mikaflojt.fi\/blogi\/"},{"@type":"ListItem","position":2,"name":"Politiikka"}]},{"@type":"WebSite","@id":"https:\/\/www.mikaflojt.fi\/blogi\/#website","url":"https:\/\/www.mikaflojt.fi\/blogi\/","name":"Eduskuntavaaliehdokas Mika Fl\u00f6jt | Kansanedustajaehdokas Oulun vaalipiiriss\u00e4","description":"#pohjoisenpuolesta Kansanedustajaehdokas Mika Fl\u00f6jt eduskuntaan vuoden 2015 eduskuntavaaleissa","publisher":{"@id":"https:\/\/www.mikaflojt.fi\/blogi\/#organization"},"potentialAction":[{"@type":"SearchAction","target":{"@type":"EntryPoint","urlTemplate":"https:\/\/www.mikaflojt.fi\/blogi\/?s={search_term_string}"},"query-input":{"@type":"PropertyValueSpecification","valueRequired":true,"valueName":"search_term_string"}}],"inLanguage":"fi"},{"@type":"Organization","@id":"https:\/\/www.mikaflojt.fi\/blogi\/#organization","name":"Eduskuntavaaliehdokas Mika Fl\u00f6jt | Kansanedustajaehdokas Oulun vaalipiiriss\u00e4","url":"https:\/\/www.mikaflojt.fi\/blogi\/","logo":{"@type":"ImageObject","inLanguage":"fi","@id":"https:\/\/www.mikaflojt.fi\/blogi\/#\/schema\/logo\/image\/","url":"https:\/\/www.mikaflojt.fi\/blogi\/wp-content\/uploads\/2023\/03\/mikamaapallo.jpg","contentUrl":"https:\/\/www.mikaflojt.fi\/blogi\/wp-content\/uploads\/2023\/03\/mikamaapallo.jpg","width":1420,"height":1344,"caption":"Eduskuntavaaliehdokas Mika Fl\u00f6jt | Kansanedustajaehdokas Oulun vaalipiiriss\u00e4"},"image":{"@id":"https:\/\/www.mikaflojt.fi\/blogi\/#\/schema\/logo\/image\/"},"sameAs":["https:\/\/www.facebook.com\/mika.flojt","https:\/\/x.com\/MikaFlojt","https:\/\/www.instagram.com\/flojtmika\/"]}]}},"_links":{"self":[{"href":"https:\/\/www.mikaflojt.fi\/blogi\/wp-json\/wp\/v2\/pages\/54","targetHints":{"allow":["GET"]}}],"collection":[{"href":"https:\/\/www.mikaflojt.fi\/blogi\/wp-json\/wp\/v2\/pages"}],"about":[{"href":"https:\/\/www.mikaflojt.fi\/blogi\/wp-json\/wp\/v2\/types\/page"}],"author":[{"embeddable":true,"href":"https:\/\/www.mikaflojt.fi\/blogi\/wp-json\/wp\/v2\/users\/2"}],"replies":[{"embeddable":true,"href":"https:\/\/www.mikaflojt.fi\/blogi\/wp-json\/wp\/v2\/comments?post=54"}],"version-history":[{"count":5,"href":"https:\/\/www.mikaflojt.fi\/blogi\/wp-json\/wp\/v2\/pages\/54\/revisions"}],"predecessor-version":[{"id":787,"href":"https:\/\/www.mikaflojt.fi\/blogi\/wp-json\/wp\/v2\/pages\/54\/revisions\/787"}],"wp:attachment":[{"href":"https:\/\/www.mikaflojt.fi\/blogi\/wp-json\/wp\/v2\/media?parent=54"}],"curies":[{"name":"wp","href":"https:\/\/api.w.org\/{rel}","templated":true}]}}