{"id":60,"date":"2015-01-15T17:15:21","date_gmt":"2015-01-15T17:15:21","guid":{"rendered":"http:\/\/eduskuntavaalit-2015.org\/?page_id=60"},"modified":"2023-03-27T12:55:12","modified_gmt":"2023-03-27T10:55:12","slug":"yhteystiedot","status":"publish","type":"page","link":"https:\/\/www.mikaflojt.fi\/blogi\/yhteystiedot\/","title":{"rendered":"Yhteystiedot"},"content":{"rendered":"\n<h2 class=\"wp-block-heading\" style=\"font-size:38px;line-height:1.4\"><strong>Mika Fl\u00f6jt<\/strong><\/h2>\n\n\n\n<div class=\"wp-block-columns are-vertically-aligned-center is-layout-flex wp-container-core-columns-is-layout-9d6595d7 wp-block-columns-is-layout-flex\">\n<div class=\"wp-block-column is-vertically-aligned-center is-layout-flow wp-block-column-is-layout-flow\">\n<p>040 5788784<\/p>\n\n\n\n<p>mika.flojt@gmail.com<\/p>\n\n\n\n<p>Facebook: <a href=\"https:\/\/www.facebook.com\/flojtmika\" target=\"_blank\" rel=\"noreferrer noopener\">https:\/\/www.facebook.com\/flojtmika<\/a><\/p>\n\n\n\n<p>Twitter:&nbsp;<a href=\"https:\/\/twitter.com\/mikaflojt\" target=\"_blank\" rel=\"noreferrer noopener\">https:\/\/twitter.com\/mikaflojt<\/a> #pohjoisenpuolesta<\/p>\n<\/div>\n\n\n\n<div class=\"wp-block-column is-vertically-aligned-center is-layout-flow wp-block-column-is-layout-flow\"><div class=\"wp-block-image\">\n<figure class=\"alignright is-resized\"><a href=\"https:\/\/www.mikaflojt.fi\/blogi\/wp-content\/uploads\/2023\/03\/mika-kasvot.jpg\"><img loading=\"lazy\" decoding=\"async\" src=\"https:\/\/www.mikaflojt.fi\/blogi\/wp-content\/uploads\/2023\/03\/mika-kasvot.jpg\" alt=\"\" class=\"wp-image-797\" width=\"265\" height=\"397\" srcset=\"https:\/\/www.mikaflojt.fi\/blogi\/wp-content\/uploads\/2023\/03\/mika-kasvot.jpg 680w, https:\/\/www.mikaflojt.fi\/blogi\/wp-content\/uploads\/2023\/03\/mika-kasvot-200x300.jpg 200w\" sizes=\"(max-width: 265px) 100vw, 265px\" \/><\/a><\/figure>\n<\/div><\/div>\n<\/div>\n","protected":false},"excerpt":{"rendered":"<p>Mika Fl\u00f6jt 040 5788784 mika.flojt@gmail.com Facebook: https:\/\/www.facebook.com\/flojtmika Twitter:&nbsp;https:\/\/twitter.com\/mikaflojt #pohjoisenpuolesta<\/p>\n","protected":false},"author":2,"featured_media":0,"parent":0,"menu_order":0,"comment_status":"closed","ping_status":"open","template":"page-template-blank.php","meta":{"footnotes":""},"class_list":["post-60","page","type-page","status-publish","hentry"],"yoast_head":"<!-- This site is optimized with the Yoast SEO plugin v26.6 - https:\/\/yoast.com\/wordpress\/plugins\/seo\/ -->\n<title>Yhteystiedot - Eduskuntavaaliehdokas Mika Fl\u00f6jt | Kansanedustajaehdokas Oulun vaalipiiriss\u00e4<\/title>\n<meta name=\"robots\" content=\"index, follow, max-snippet:-1, max-image-preview:large, max-video-preview:-1\" \/>\n<link rel=\"canonical\" href=\"https:\/\/www.mikaflojt.fi\/blogi\/yhteystiedot\/\" \/>\n<meta property=\"og:locale\" content=\"fi_FI\" \/>\n<meta property=\"og:type\" content=\"article\" \/>\n<meta property=\"og:title\" content=\"Yhteystiedot - Eduskuntavaaliehdokas Mika Fl\u00f6jt | Kansanedustajaehdokas Oulun vaalipiiriss\u00e4\" \/>\n<meta property=\"og:description\" content=\"Mika Fl\u00f6jt 040 5788784 mika.flojt@gmail.com Facebook: https:\/\/www.facebook.com\/flojtmika Twitter:&nbsp;https:\/\/twitter.com\/mikaflojt #pohjoisenpuolesta\" \/>\n<meta property=\"og:url\" content=\"https:\/\/www.mikaflojt.fi\/blogi\/yhteystiedot\/\" \/>\n<meta property=\"og:site_name\" content=\"Eduskuntavaaliehdokas Mika Fl\u00f6jt | Kansanedustajaehdokas Oulun vaalipiiriss\u00e4\" \/>\n<meta property=\"article:publisher\" content=\"https:\/\/www.facebook.com\/mika.flojt\" \/>\n<meta property=\"article:modified_time\" content=\"2023-03-27T10:55:12+00:00\" \/>\n<meta property=\"og:image\" content=\"https:\/\/www.mikaflojt.fi\/blogi\/wp-content\/uploads\/2023\/03\/mika-kasvot.jpg\" \/>\n<meta name=\"twitter:card\" content=\"summary_large_image\" \/>\n<meta name=\"twitter:site\" content=\"@MikaFlojt\" \/>\n<script type=\"application\/ld+json\" class=\"yoast-schema-graph\">{\"@context\":\"https:\/\/schema.org\",\"@graph\":[{\"@type\":\"WebPage\",\"@id\":\"https:\/\/www.mikaflojt.fi\/blogi\/yhteystiedot\/\",\"url\":\"https:\/\/www.mikaflojt.fi\/blogi\/yhteystiedot\/\",\"name\":\"Yhteystiedot - Eduskuntavaaliehdokas Mika Fl\u00f6jt | Kansanedustajaehdokas Oulun vaalipiiriss\u00e4\",\"isPartOf\":{\"@id\":\"https:\/\/www.mikaflojt.fi\/blogi\/#website\"},\"primaryImageOfPage\":{\"@id\":\"https:\/\/www.mikaflojt.fi\/blogi\/yhteystiedot\/#primaryimage\"},\"image\":{\"@id\":\"https:\/\/www.mikaflojt.fi\/blogi\/yhteystiedot\/#primaryimage\"},\"thumbnailUrl\":\"https:\/\/www.mikaflojt.fi\/blogi\/wp-content\/uploads\/2023\/03\/mika-kasvot.jpg\",\"datePublished\":\"2015-01-15T17:15:21+00:00\",\"dateModified\":\"2023-03-27T10:55:12+00:00\",\"breadcrumb\":{\"@id\":\"https:\/\/www.mikaflojt.fi\/blogi\/yhteystiedot\/#breadcrumb\"},\"inLanguage\":\"fi\",\"potentialAction\":[{\"@type\":\"ReadAction\",\"target\":[\"https:\/\/www.mikaflojt.fi\/blogi\/yhteystiedot\/\"]}]},{\"@type\":\"ImageObject\",\"inLanguage\":\"fi\",\"@id\":\"https:\/\/www.mikaflojt.fi\/blogi\/yhteystiedot\/#primaryimage\",\"url\":\"https:\/\/www.mikaflojt.fi\/blogi\/wp-content\/uploads\/2023\/03\/mika-kasvot.jpg\",\"contentUrl\":\"https:\/\/www.mikaflojt.fi\/blogi\/wp-content\/uploads\/2023\/03\/mika-kasvot.jpg\"},{\"@type\":\"BreadcrumbList\",\"@id\":\"https:\/\/www.mikaflojt.fi\/blogi\/yhteystiedot\/#breadcrumb\",\"itemListElement\":[{\"@type\":\"ListItem\",\"position\":1,\"name\":\"Etusivu\",\"item\":\"https:\/\/www.mikaflojt.fi\/blogi\/\"},{\"@type\":\"ListItem\",\"position\":2,\"name\":\"Yhteystiedot\"}]},{\"@type\":\"WebSite\",\"@id\":\"https:\/\/www.mikaflojt.fi\/blogi\/#website\",\"url\":\"https:\/\/www.mikaflojt.fi\/blogi\/\",\"name\":\"Eduskuntavaaliehdokas Mika Fl\u00f6jt | Kansanedustajaehdokas Oulun vaalipiiriss\u00e4\",\"description\":\"#pohjoisenpuolesta Kansanedustajaehdokas Mika Fl\u00f6jt eduskuntaan vuoden 2015 eduskuntavaaleissa\",\"publisher\":{\"@id\":\"https:\/\/www.mikaflojt.fi\/blogi\/#organization\"},\"potentialAction\":[{\"@type\":\"SearchAction\",\"target\":{\"@type\":\"EntryPoint\",\"urlTemplate\":\"https:\/\/www.mikaflojt.fi\/blogi\/?s={search_term_string}\"},\"query-input\":{\"@type\":\"PropertyValueSpecification\",\"valueRequired\":true,\"valueName\":\"search_term_string\"}}],\"inLanguage\":\"fi\"},{\"@type\":\"Organization\",\"@id\":\"https:\/\/www.mikaflojt.fi\/blogi\/#organization\",\"name\":\"Eduskuntavaaliehdokas Mika Fl\u00f6jt | Kansanedustajaehdokas Oulun vaalipiiriss\u00e4\",\"url\":\"https:\/\/www.mikaflojt.fi\/blogi\/\",\"logo\":{\"@type\":\"ImageObject\",\"inLanguage\":\"fi\",\"@id\":\"https:\/\/www.mikaflojt.fi\/blogi\/#\/schema\/logo\/image\/\",\"url\":\"https:\/\/www.mikaflojt.fi\/blogi\/wp-content\/uploads\/2023\/03\/mikamaapallo.jpg\",\"contentUrl\":\"https:\/\/www.mikaflojt.fi\/blogi\/wp-content\/uploads\/2023\/03\/mikamaapallo.jpg\",\"width\":1420,\"height\":1344,\"caption\":\"Eduskuntavaaliehdokas Mika Fl\u00f6jt | Kansanedustajaehdokas Oulun vaalipiiriss\u00e4\"},\"image\":{\"@id\":\"https:\/\/www.mikaflojt.fi\/blogi\/#\/schema\/logo\/image\/\"},\"sameAs\":[\"https:\/\/www.facebook.com\/mika.flojt\",\"https:\/\/x.com\/MikaFlojt\",\"https:\/\/www.instagram.com\/flojtmika\/\"]}]}<\/script>\n<!-- \/ Yoast SEO plugin. -->","yoast_head_json":{"title":"Yhteystiedot - Eduskuntavaaliehdokas Mika Fl\u00f6jt | Kansanedustajaehdokas Oulun vaalipiiriss\u00e4","robots":{"index":"index","follow":"follow","max-snippet":"max-snippet:-1","max-image-preview":"max-image-preview:large","max-video-preview":"max-video-preview:-1"},"canonical":"https:\/\/www.mikaflojt.fi\/blogi\/yhteystiedot\/","og_locale":"fi_FI","og_type":"article","og_title":"Yhteystiedot - Eduskuntavaaliehdokas Mika Fl\u00f6jt | Kansanedustajaehdokas Oulun vaalipiiriss\u00e4","og_description":"Mika Fl\u00f6jt 040 5788784 mika.flojt@gmail.com Facebook: https:\/\/www.facebook.com\/flojtmika Twitter:&nbsp;https:\/\/twitter.com\/mikaflojt #pohjoisenpuolesta","og_url":"https:\/\/www.mikaflojt.fi\/blogi\/yhteystiedot\/","og_site_name":"Eduskuntavaaliehdokas Mika Fl\u00f6jt | Kansanedustajaehdokas Oulun vaalipiiriss\u00e4","article_publisher":"https:\/\/www.facebook.com\/mika.flojt","article_modified_time":"2023-03-27T10:55:12+00:00","og_image":[{"url":"https:\/\/www.mikaflojt.fi\/blogi\/wp-content\/uploads\/2023\/03\/mika-kasvot.jpg","type":"","width":"","height":""}],"twitter_card":"summary_large_image","twitter_site":"@MikaFlojt","schema":{"@context":"https:\/\/schema.org","@graph":[{"@type":"WebPage","@id":"https:\/\/www.mikaflojt.fi\/blogi\/yhteystiedot\/","url":"https:\/\/www.mikaflojt.fi\/blogi\/yhteystiedot\/","name":"Yhteystiedot - Eduskuntavaaliehdokas Mika Fl\u00f6jt | Kansanedustajaehdokas Oulun vaalipiiriss\u00e4","isPartOf":{"@id":"https:\/\/www.mikaflojt.fi\/blogi\/#website"},"primaryImageOfPage":{"@id":"https:\/\/www.mikaflojt.fi\/blogi\/yhteystiedot\/#primaryimage"},"image":{"@id":"https:\/\/www.mikaflojt.fi\/blogi\/yhteystiedot\/#primaryimage"},"thumbnailUrl":"https:\/\/www.mikaflojt.fi\/blogi\/wp-content\/uploads\/2023\/03\/mika-kasvot.jpg","datePublished":"2015-01-15T17:15:21+00:00","dateModified":"2023-03-27T10:55:12+00:00","breadcrumb":{"@id":"https:\/\/www.mikaflojt.fi\/blogi\/yhteystiedot\/#breadcrumb"},"inLanguage":"fi","potentialAction":[{"@type":"ReadAction","target":["https:\/\/www.mikaflojt.fi\/blogi\/yhteystiedot\/"]}]},{"@type":"ImageObject","inLanguage":"fi","@id":"https:\/\/www.mikaflojt.fi\/blogi\/yhteystiedot\/#primaryimage","url":"https:\/\/www.mikaflojt.fi\/blogi\/wp-content\/uploads\/2023\/03\/mika-kasvot.jpg","contentUrl":"https:\/\/www.mikaflojt.fi\/blogi\/wp-content\/uploads\/2023\/03\/mika-kasvot.jpg"},{"@type":"BreadcrumbList","@id":"https:\/\/www.mikaflojt.fi\/blogi\/yhteystiedot\/#breadcrumb","itemListElement":[{"@type":"ListItem","position":1,"name":"Etusivu","item":"https:\/\/www.mikaflojt.fi\/blogi\/"},{"@type":"ListItem","position":2,"name":"Yhteystiedot"}]},{"@type":"WebSite","@id":"https:\/\/www.mikaflojt.fi\/blogi\/#website","url":"https:\/\/www.mikaflojt.fi\/blogi\/","name":"Eduskuntavaaliehdokas Mika Fl\u00f6jt | Kansanedustajaehdokas Oulun vaalipiiriss\u00e4","description":"#pohjoisenpuolesta Kansanedustajaehdokas Mika Fl\u00f6jt eduskuntaan vuoden 2015 eduskuntavaaleissa","publisher":{"@id":"https:\/\/www.mikaflojt.fi\/blogi\/#organization"},"potentialAction":[{"@type":"SearchAction","target":{"@type":"EntryPoint","urlTemplate":"https:\/\/www.mikaflojt.fi\/blogi\/?s={search_term_string}"},"query-input":{"@type":"PropertyValueSpecification","valueRequired":true,"valueName":"search_term_string"}}],"inLanguage":"fi"},{"@type":"Organization","@id":"https:\/\/www.mikaflojt.fi\/blogi\/#organization","name":"Eduskuntavaaliehdokas Mika Fl\u00f6jt | Kansanedustajaehdokas Oulun vaalipiiriss\u00e4","url":"https:\/\/www.mikaflojt.fi\/blogi\/","logo":{"@type":"ImageObject","inLanguage":"fi","@id":"https:\/\/www.mikaflojt.fi\/blogi\/#\/schema\/logo\/image\/","url":"https:\/\/www.mikaflojt.fi\/blogi\/wp-content\/uploads\/2023\/03\/mikamaapallo.jpg","contentUrl":"https:\/\/www.mikaflojt.fi\/blogi\/wp-content\/uploads\/2023\/03\/mikamaapallo.jpg","width":1420,"height":1344,"caption":"Eduskuntavaaliehdokas Mika Fl\u00f6jt | Kansanedustajaehdokas Oulun vaalipiiriss\u00e4"},"image":{"@id":"https:\/\/www.mikaflojt.fi\/blogi\/#\/schema\/logo\/image\/"},"sameAs":["https:\/\/www.facebook.com\/mika.flojt","https:\/\/x.com\/MikaFlojt","https:\/\/www.instagram.com\/flojtmika\/"]}]}},"_links":{"self":[{"href":"https:\/\/www.mikaflojt.fi\/blogi\/wp-json\/wp\/v2\/pages\/60","targetHints":{"allow":["GET"]}}],"collection":[{"href":"https:\/\/www.mikaflojt.fi\/blogi\/wp-json\/wp\/v2\/pages"}],"about":[{"href":"https:\/\/www.mikaflojt.fi\/blogi\/wp-json\/wp\/v2\/types\/page"}],"author":[{"embeddable":true,"href":"https:\/\/www.mikaflojt.fi\/blogi\/wp-json\/wp\/v2\/users\/2"}],"replies":[{"embeddable":true,"href":"https:\/\/www.mikaflojt.fi\/blogi\/wp-json\/wp\/v2\/comments?post=60"}],"version-history":[{"count":2,"href":"https:\/\/www.mikaflojt.fi\/blogi\/wp-json\/wp\/v2\/pages\/60\/revisions"}],"predecessor-version":[{"id":798,"href":"https:\/\/www.mikaflojt.fi\/blogi\/wp-json\/wp\/v2\/pages\/60\/revisions\/798"}],"wp:attachment":[{"href":"https:\/\/www.mikaflojt.fi\/blogi\/wp-json\/wp\/v2\/media?parent=60"}],"curies":[{"name":"wp","href":"https:\/\/api.w.org\/{rel}","templated":true}]}}